{"id":39,"date":"2018-11-28T17:53:39","date_gmt":"2018-11-28T19:53:39","guid":{"rendered":"http:\/\/owa.com.br\/?page_id=39"},"modified":"2025-01-10T10:20:28","modified_gmt":"2025-01-10T13:20:28","slug":"produtos","status":"publish","type":"page","link":"https:\/\/sonex.com.br\/es\/produtos\/","title":{"rendered":"Productos"},"content":{"rendered":"<p>Lorem ipsum dolor sit amet, consectetur adipisicing elit. Facilis commodi sint minus quae voluptate culpa nemo repudiandae? Optio quidem voluptates, quod, atque quaerat saepe aliquam! Vel, architecto? Et, a, libero!Lorem ipsum dolor sit amet, consectetur adipisicing elit. Facilis commodi sint minus quae voluptate culpa nemo repudiandae? Optio quidem voluptates, quod, atque quaerat saepe aliquam! Vel, architecto? Et, a, libero!Lorem ipsum dolor sit amet, consectetur adipisicing elit. Facilis commodi sint minus quae voluptate culpa nemo repudiandae? Optio quidem voluptates, quod, atque quaerat saepe aliquam! Vel, architecto? Et, a, libero!<\/p>","protected":false},"excerpt":{"rendered":"<p>Lorem ipsum dolor sit amet, consectetur adipisicing elit. Facilis commodi sint minus quae voluptate culpa nemo repudiandae? Optio quidem voluptates, quod, atque quaerat saepe aliquam! Vel, architecto? Et, a, libero!Lorem ipsum dolor sit amet, consectetur adipisicing elit. Facilis commodi sint minus quae voluptate culpa nemo repudiandae? Optio quidem voluptates, quod, atque quaerat saepe aliquam! Vel, [&hellip;]<\/p>\n","protected":false},"author":1,"featured_media":316,"parent":0,"menu_order":8,"comment_status":"closed","ping_status":"closed","template":"produtos.php","meta":{"footnotes":""},"acf":[],"yoast_head":"<!-- This site is optimized with the Yoast SEO plugin v22.6 - https:\/\/yoast.com\/wordpress\/plugins\/seo\/ -->\n<title>Produtos Sonex: Solu\u00e7\u00f5es Ac\u00fasticas Ideais para seu projeto<\/title>\n<meta name=\"description\" content=\"Os produtos Sonex, s\u00e3o solu\u00e7\u00f5es ac\u00fasticas inovadoras que melhoram o conforto e a qualidade sonora em diversos tipos de ambientes. Confira!\" \/>\n<meta name=\"robots\" content=\"index, follow, max-snippet:-1, max-image-preview:large, max-video-preview:-1\" \/>\n<link rel=\"canonical\" href=\"https:\/\/sonex.com.br\/produtos\/\" \/>\n<meta property=\"og:locale\" content=\"es_ES\" \/>\n<meta property=\"og:type\" content=\"article\" \/>\n<meta property=\"og:title\" content=\"Produtos Sonex: Solu\u00e7\u00f5es Ac\u00fasticas Ideais para seu projeto\" \/>\n<meta property=\"og:description\" content=\"Os produtos Sonex, s\u00e3o solu\u00e7\u00f5es ac\u00fasticas inovadoras que melhoram o conforto e a qualidade sonora em diversos tipos de ambientes. Confira!\" \/>\n<meta property=\"og:url\" content=\"https:\/\/sonex.com.br\/produtos\/\" \/>\n<meta property=\"og:site_name\" content=\"Sonex\" \/>\n<meta property=\"article:publisher\" content=\"https:\/\/www.facebook.com\/OWASonex\/\" \/>\n<meta property=\"article:modified_time\" content=\"2025-01-10T13:20:28+00:00\" \/>\n<meta property=\"og:image\" content=\"https:\/\/sonex.com.br\/wp-content\/uploads\/2018\/12\/banner-internas-2.png\" \/>\n\t<meta property=\"og:image:width\" content=\"1920\" \/>\n\t<meta property=\"og:image:height\" content=\"292\" \/>\n\t<meta property=\"og:image:type\" content=\"image\/png\" \/>\n<meta name=\"twitter:card\" content=\"summary_large_image\" \/>\n<meta name=\"twitter:label1\" content=\"Tiempo de lectura\" \/>\n\t<meta name=\"twitter:data1\" content=\"1 minuto\" \/>\n<script type=\"application\/ld+json\" class=\"yoast-schema-graph\">{\"@context\":\"https:\/\/schema.org\",\"@graph\":[{\"@type\":\"WebPage\",\"@id\":\"https:\/\/sonex.com.br\/produtos\/\",\"url\":\"https:\/\/sonex.com.br\/produtos\/\",\"name\":\"Produtos Sonex: Solu\u00e7\u00f5es Ac\u00fasticas Ideais para seu projeto\",\"isPartOf\":{\"@id\":\"https:\/\/sonex.com.br\/#website\"},\"primaryImageOfPage\":{\"@id\":\"https:\/\/sonex.com.br\/produtos\/#primaryimage\"},\"image\":{\"@id\":\"https:\/\/sonex.com.br\/produtos\/#primaryimage\"},\"thumbnailUrl\":\"https:\/\/sonex.com.br\/wp-content\/uploads\/2018\/12\/banner-internas-2.png\",\"datePublished\":\"2018-11-28T19:53:39+00:00\",\"dateModified\":\"2025-01-10T13:20:28+00:00\",\"description\":\"Os produtos Sonex, s\u00e3o solu\u00e7\u00f5es ac\u00fasticas inovadoras que melhoram o conforto e a qualidade sonora em diversos tipos de ambientes. Confira!\",\"breadcrumb\":{\"@id\":\"https:\/\/sonex.com.br\/produtos\/#breadcrumb\"},\"inLanguage\":\"es\",\"potentialAction\":[{\"@type\":\"ReadAction\",\"target\":[\"https:\/\/sonex.com.br\/produtos\/\"]}]},{\"@type\":\"ImageObject\",\"inLanguage\":\"es\",\"@id\":\"https:\/\/sonex.com.br\/produtos\/#primaryimage\",\"url\":\"https:\/\/sonex.com.br\/wp-content\/uploads\/2018\/12\/banner-internas-2.png\",\"contentUrl\":\"https:\/\/sonex.com.br\/wp-content\/uploads\/2018\/12\/banner-internas-2.png\",\"width\":1920,\"height\":292},{\"@type\":\"BreadcrumbList\",\"@id\":\"https:\/\/sonex.com.br\/produtos\/#breadcrumb\",\"itemListElement\":[{\"@type\":\"ListItem\",\"position\":1,\"name\":\"In\u00edcio\",\"item\":\"https:\/\/sonex.com.br\/\"},{\"@type\":\"ListItem\",\"position\":2,\"name\":\"Produtos\"}]},{\"@type\":\"WebSite\",\"@id\":\"https:\/\/sonex.com.br\/#website\",\"url\":\"https:\/\/sonex.com.br\/\",\"name\":\"Sonex\",\"description\":\"\",\"publisher\":{\"@id\":\"https:\/\/sonex.com.br\/#organization\"},\"potentialAction\":[{\"@type\":\"SearchAction\",\"target\":{\"@type\":\"EntryPoint\",\"urlTemplate\":\"https:\/\/sonex.com.br\/?s={search_term_string}\"},\"query-input\":\"required name=search_term_string\"}],\"inLanguage\":\"es\"},{\"@type\":\"Organization\",\"@id\":\"https:\/\/sonex.com.br\/#organization\",\"name\":\"OWA Sonex do Brasil\",\"url\":\"https:\/\/sonex.com.br\/\",\"logo\":{\"@type\":\"ImageObject\",\"inLanguage\":\"es\",\"@id\":\"https:\/\/sonex.com.br\/#\/schema\/logo\/image\/\",\"url\":\"https:\/\/sonex.com.br\/wp-content\/uploads\/2020\/01\/logo-owa.png\",\"contentUrl\":\"https:\/\/sonex.com.br\/wp-content\/uploads\/2020\/01\/logo-owa.png\",\"width\":150,\"height\":150,\"caption\":\"OWA Sonex do Brasil\"},\"image\":{\"@id\":\"https:\/\/sonex.com.br\/#\/schema\/logo\/image\/\"},\"sameAs\":[\"https:\/\/www.facebook.com\/OWASonex\/\",\"https:\/\/www.instagram.com\/owa_sonex\/\",\"https:\/\/pt.linkedin.com\/company\/owa-sonex-brasil\"]}]}<\/script>\n<!-- \/ Yoast SEO plugin. -->","yoast_head_json":{"title":"Produtos Sonex: Solu\u00e7\u00f5es Ac\u00fasticas Ideais para seu projeto","description":"Os produtos Sonex, s\u00e3o solu\u00e7\u00f5es ac\u00fasticas inovadoras que melhoram o conforto e a qualidade sonora em diversos tipos de ambientes. Confira!","robots":{"index":"index","follow":"follow","max-snippet":"max-snippet:-1","max-image-preview":"max-image-preview:large","max-video-preview":"max-video-preview:-1"},"canonical":"https:\/\/sonex.com.br\/produtos\/","og_locale":"es_ES","og_type":"article","og_title":"Produtos Sonex: Solu\u00e7\u00f5es Ac\u00fasticas Ideais para seu projeto","og_description":"Os produtos Sonex, s\u00e3o solu\u00e7\u00f5es ac\u00fasticas inovadoras que melhoram o conforto e a qualidade sonora em diversos tipos de ambientes. Confira!","og_url":"https:\/\/sonex.com.br\/produtos\/","og_site_name":"Sonex","article_publisher":"https:\/\/www.facebook.com\/OWASonex\/","article_modified_time":"2025-01-10T13:20:28+00:00","og_image":[{"width":1920,"height":292,"url":"https:\/\/sonex.com.br\/wp-content\/uploads\/2018\/12\/banner-internas-2.png","type":"image\/png"}],"twitter_card":"summary_large_image","twitter_misc":{"Tiempo de lectura":"1 minuto"},"schema":{"@context":"https:\/\/schema.org","@graph":[{"@type":"WebPage","@id":"https:\/\/sonex.com.br\/produtos\/","url":"https:\/\/sonex.com.br\/produtos\/","name":"Produtos Sonex: Solu\u00e7\u00f5es Ac\u00fasticas Ideais para seu projeto","isPartOf":{"@id":"https:\/\/sonex.com.br\/#website"},"primaryImageOfPage":{"@id":"https:\/\/sonex.com.br\/produtos\/#primaryimage"},"image":{"@id":"https:\/\/sonex.com.br\/produtos\/#primaryimage"},"thumbnailUrl":"https:\/\/sonex.com.br\/wp-content\/uploads\/2018\/12\/banner-internas-2.png","datePublished":"2018-11-28T19:53:39+00:00","dateModified":"2025-01-10T13:20:28+00:00","description":"Os produtos Sonex, s\u00e3o solu\u00e7\u00f5es ac\u00fasticas inovadoras que melhoram o conforto e a qualidade sonora em diversos tipos de ambientes. Confira!","breadcrumb":{"@id":"https:\/\/sonex.com.br\/produtos\/#breadcrumb"},"inLanguage":"es","potentialAction":[{"@type":"ReadAction","target":["https:\/\/sonex.com.br\/produtos\/"]}]},{"@type":"ImageObject","inLanguage":"es","@id":"https:\/\/sonex.com.br\/produtos\/#primaryimage","url":"https:\/\/sonex.com.br\/wp-content\/uploads\/2018\/12\/banner-internas-2.png","contentUrl":"https:\/\/sonex.com.br\/wp-content\/uploads\/2018\/12\/banner-internas-2.png","width":1920,"height":292},{"@type":"BreadcrumbList","@id":"https:\/\/sonex.com.br\/produtos\/#breadcrumb","itemListElement":[{"@type":"ListItem","position":1,"name":"In\u00edcio","item":"https:\/\/sonex.com.br\/"},{"@type":"ListItem","position":2,"name":"Produtos"}]},{"@type":"WebSite","@id":"https:\/\/sonex.com.br\/#website","url":"https:\/\/sonex.com.br\/","name":"Sonex","description":"","publisher":{"@id":"https:\/\/sonex.com.br\/#organization"},"potentialAction":[{"@type":"SearchAction","target":{"@type":"EntryPoint","urlTemplate":"https:\/\/sonex.com.br\/?s={search_term_string}"},"query-input":"required name=search_term_string"}],"inLanguage":"es"},{"@type":"Organization","@id":"https:\/\/sonex.com.br\/#organization","name":"OWA Sonex do Brasil","url":"https:\/\/sonex.com.br\/","logo":{"@type":"ImageObject","inLanguage":"es","@id":"https:\/\/sonex.com.br\/#\/schema\/logo\/image\/","url":"https:\/\/sonex.com.br\/wp-content\/uploads\/2020\/01\/logo-owa.png","contentUrl":"https:\/\/sonex.com.br\/wp-content\/uploads\/2020\/01\/logo-owa.png","width":150,"height":150,"caption":"OWA Sonex do Brasil"},"image":{"@id":"https:\/\/sonex.com.br\/#\/schema\/logo\/image\/"},"sameAs":["https:\/\/www.facebook.com\/OWASonex\/","https:\/\/www.instagram.com\/owa_sonex\/","https:\/\/pt.linkedin.com\/company\/owa-sonex-brasil"]}]}},"_links":{"self":[{"href":"https:\/\/sonex.com.br\/es\/wp-json\/wp\/v2\/pages\/39"}],"collection":[{"href":"https:\/\/sonex.com.br\/es\/wp-json\/wp\/v2\/pages"}],"about":[{"href":"https:\/\/sonex.com.br\/es\/wp-json\/wp\/v2\/types\/page"}],"author":[{"embeddable":true,"href":"https:\/\/sonex.com.br\/es\/wp-json\/wp\/v2\/users\/1"}],"replies":[{"embeddable":true,"href":"https:\/\/sonex.com.br\/es\/wp-json\/wp\/v2\/comments?post=39"}],"version-history":[{"count":0,"href":"https:\/\/sonex.com.br\/es\/wp-json\/wp\/v2\/pages\/39\/revisions"}],"wp:featuredmedia":[{"embeddable":true,"href":"https:\/\/sonex.com.br\/es\/wp-json\/wp\/v2\/media\/316"}],"wp:attachment":[{"href":"https:\/\/sonex.com.br\/es\/wp-json\/wp\/v2\/media?parent=39"}],"curies":[{"name":"wp","href":"https:\/\/api.w.org\/{rel}","templated":true}]}}