{"id":2672,"date":"2021-06-10T16:48:41","date_gmt":"2021-06-10T19:48:41","guid":{"rendered":"https:\/\/owa.com.br\/?page_id=2672"},"modified":"2024-08-19T15:27:34","modified_gmt":"2024-08-19T18:27:34","slug":"assessoria-de-imprensa","status":"publish","type":"page","link":"https:\/\/sonex.com.br\/es\/assessoria-de-imprensa\/","title":{"rendered":"(Portugu\u00eas do Brasil) Assessoria de Imprensa"},"content":{"rendered":"<p class=\"qtranxs-available-languages-message qtranxs-available-languages-message-es\">Disculpa, pero esta entrada est\u00e1 disponible s\u00f3lo en <a href=\"https:\/\/sonex.com.br\/pb\/wp-json\/wp\/v2\/pages\/2672\" class=\"qtranxs-available-language-link qtranxs-available-language-link-pb\" title=\"Portugu\u00eas do Brasil\">Portugu\u00e9s De Brasil<\/a>.<\/p>","protected":false},"excerpt":{"rendered":"<p>Disculpa, pero esta entrada est\u00e1 disponible s\u00f3lo en Portugu\u00e9s De Brasil.<\/p>\n","protected":false},"author":2,"featured_media":316,"parent":0,"menu_order":3,"comment_status":"closed","ping_status":"closed","template":"sustentabilidade.php","meta":{"footnotes":""},"acf":[],"yoast_head":"<!-- This site is optimized with the Yoast SEO plugin v22.6 - https:\/\/yoast.com\/wordpress\/plugins\/seo\/ -->\n<title><\/title>\n<meta name=\"robots\" content=\"index, follow, max-snippet:-1, max-image-preview:large, max-video-preview:-1\" \/>\n<link rel=\"canonical\" href=\"https:\/\/sonex.com.br\/assessoria-de-imprensa\/\" \/>\n<meta property=\"og:locale\" content=\"es_ES\" \/>\n<meta property=\"og:type\" content=\"article\" \/>\n<meta property=\"og:title\" content=\"[:pb]Assessoria de Imprensa[:] - Sonex\" \/>\n<meta property=\"og:description\" content=\"Disculpa, pero esta entrada est\u00e1 disponible s\u00f3lo en Portugu\u00e9s De Brasil.\" \/>\n<meta property=\"og:url\" content=\"https:\/\/sonex.com.br\/assessoria-de-imprensa\/\" \/>\n<meta property=\"og:site_name\" content=\"Sonex\" \/>\n<meta property=\"article:publisher\" content=\"https:\/\/www.facebook.com\/OWASonex\/\" \/>\n<meta property=\"article:modified_time\" content=\"2024-08-19T18:27:34+00:00\" \/>\n<meta property=\"og:image\" content=\"https:\/\/sonex.com.br\/wp-content\/uploads\/2018\/12\/banner-internas-2.png\" \/>\n\t<meta property=\"og:image:width\" content=\"1920\" \/>\n\t<meta property=\"og:image:height\" content=\"292\" \/>\n\t<meta property=\"og:image:type\" content=\"image\/png\" \/>\n<meta name=\"twitter:card\" content=\"summary_large_image\" \/>\n<meta name=\"twitter:label1\" content=\"Tiempo de lectura\" \/>\n\t<meta name=\"twitter:data1\" content=\"1 minuto\" \/>\n<script type=\"application\/ld+json\" class=\"yoast-schema-graph\">{\"@context\":\"https:\/\/schema.org\",\"@graph\":[{\"@type\":\"WebPage\",\"@id\":\"https:\/\/sonex.com.br\/assessoria-de-imprensa\/\",\"url\":\"https:\/\/sonex.com.br\/assessoria-de-imprensa\/\",\"name\":\"[:pb]Assessoria de Imprensa[:] - Sonex\",\"isPartOf\":{\"@id\":\"https:\/\/sonex.com.br\/#website\"},\"primaryImageOfPage\":{\"@id\":\"https:\/\/sonex.com.br\/assessoria-de-imprensa\/#primaryimage\"},\"image\":{\"@id\":\"https:\/\/sonex.com.br\/assessoria-de-imprensa\/#primaryimage\"},\"thumbnailUrl\":\"https:\/\/sonex.com.br\/wp-content\/uploads\/2018\/12\/banner-internas-2.png\",\"datePublished\":\"2021-06-10T19:48:41+00:00\",\"dateModified\":\"2024-08-19T18:27:34+00:00\",\"breadcrumb\":{\"@id\":\"https:\/\/sonex.com.br\/assessoria-de-imprensa\/#breadcrumb\"},\"inLanguage\":\"es\",\"potentialAction\":[{\"@type\":\"ReadAction\",\"target\":[\"https:\/\/sonex.com.br\/assessoria-de-imprensa\/\"]}]},{\"@type\":\"ImageObject\",\"inLanguage\":\"es\",\"@id\":\"https:\/\/sonex.com.br\/assessoria-de-imprensa\/#primaryimage\",\"url\":\"https:\/\/sonex.com.br\/wp-content\/uploads\/2018\/12\/banner-internas-2.png\",\"contentUrl\":\"https:\/\/sonex.com.br\/wp-content\/uploads\/2018\/12\/banner-internas-2.png\",\"width\":1920,\"height\":292},{\"@type\":\"BreadcrumbList\",\"@id\":\"https:\/\/sonex.com.br\/assessoria-de-imprensa\/#breadcrumb\",\"itemListElement\":[{\"@type\":\"ListItem\",\"position\":1,\"name\":\"In\u00edcio\",\"item\":\"https:\/\/sonex.com.br\/\"},{\"@type\":\"ListItem\",\"position\":2,\"name\":\"Assessoria de Imprensa\"}]},{\"@type\":\"WebSite\",\"@id\":\"https:\/\/sonex.com.br\/#website\",\"url\":\"https:\/\/sonex.com.br\/\",\"name\":\"Sonex\",\"description\":\"\",\"publisher\":{\"@id\":\"https:\/\/sonex.com.br\/#organization\"},\"potentialAction\":[{\"@type\":\"SearchAction\",\"target\":{\"@type\":\"EntryPoint\",\"urlTemplate\":\"https:\/\/sonex.com.br\/?s={search_term_string}\"},\"query-input\":\"required name=search_term_string\"}],\"inLanguage\":\"es\"},{\"@type\":\"Organization\",\"@id\":\"https:\/\/sonex.com.br\/#organization\",\"name\":\"OWA Sonex do Brasil\",\"url\":\"https:\/\/sonex.com.br\/\",\"logo\":{\"@type\":\"ImageObject\",\"inLanguage\":\"es\",\"@id\":\"https:\/\/sonex.com.br\/#\/schema\/logo\/image\/\",\"url\":\"https:\/\/sonex.com.br\/wp-content\/uploads\/2020\/01\/logo-owa.png\",\"contentUrl\":\"https:\/\/sonex.com.br\/wp-content\/uploads\/2020\/01\/logo-owa.png\",\"width\":150,\"height\":150,\"caption\":\"OWA Sonex do Brasil\"},\"image\":{\"@id\":\"https:\/\/sonex.com.br\/#\/schema\/logo\/image\/\"},\"sameAs\":[\"https:\/\/www.facebook.com\/OWASonex\/\",\"https:\/\/www.instagram.com\/owa_sonex\/\",\"https:\/\/pt.linkedin.com\/company\/owa-sonex-brasil\"]}]}<\/script>\n<!-- \/ Yoast SEO plugin. -->","yoast_head_json":{"title":"[:pb]Assessoria de Imprensa[:] - Sonex","robots":{"index":"index","follow":"follow","max-snippet":"max-snippet:-1","max-image-preview":"max-image-preview:large","max-video-preview":"max-video-preview:-1"},"canonical":"https:\/\/sonex.com.br\/assessoria-de-imprensa\/","og_locale":"es_ES","og_type":"article","og_title":"[:pb]Assessoria de Imprensa[:] - Sonex","og_description":"Disculpa, pero esta entrada est\u00e1 disponible s\u00f3lo en Portugu\u00e9s De Brasil.","og_url":"https:\/\/sonex.com.br\/assessoria-de-imprensa\/","og_site_name":"Sonex","article_publisher":"https:\/\/www.facebook.com\/OWASonex\/","article_modified_time":"2024-08-19T18:27:34+00:00","og_image":[{"width":1920,"height":292,"url":"https:\/\/sonex.com.br\/wp-content\/uploads\/2018\/12\/banner-internas-2.png","type":"image\/png"}],"twitter_card":"summary_large_image","twitter_misc":{"Tiempo de lectura":"1 minuto"},"schema":{"@context":"https:\/\/schema.org","@graph":[{"@type":"WebPage","@id":"https:\/\/sonex.com.br\/assessoria-de-imprensa\/","url":"https:\/\/sonex.com.br\/assessoria-de-imprensa\/","name":"[:pb]Assessoria de Imprensa[:] - Sonex","isPartOf":{"@id":"https:\/\/sonex.com.br\/#website"},"primaryImageOfPage":{"@id":"https:\/\/sonex.com.br\/assessoria-de-imprensa\/#primaryimage"},"image":{"@id":"https:\/\/sonex.com.br\/assessoria-de-imprensa\/#primaryimage"},"thumbnailUrl":"https:\/\/sonex.com.br\/wp-content\/uploads\/2018\/12\/banner-internas-2.png","datePublished":"2021-06-10T19:48:41+00:00","dateModified":"2024-08-19T18:27:34+00:00","breadcrumb":{"@id":"https:\/\/sonex.com.br\/assessoria-de-imprensa\/#breadcrumb"},"inLanguage":"es","potentialAction":[{"@type":"ReadAction","target":["https:\/\/sonex.com.br\/assessoria-de-imprensa\/"]}]},{"@type":"ImageObject","inLanguage":"es","@id":"https:\/\/sonex.com.br\/assessoria-de-imprensa\/#primaryimage","url":"https:\/\/sonex.com.br\/wp-content\/uploads\/2018\/12\/banner-internas-2.png","contentUrl":"https:\/\/sonex.com.br\/wp-content\/uploads\/2018\/12\/banner-internas-2.png","width":1920,"height":292},{"@type":"BreadcrumbList","@id":"https:\/\/sonex.com.br\/assessoria-de-imprensa\/#breadcrumb","itemListElement":[{"@type":"ListItem","position":1,"name":"In\u00edcio","item":"https:\/\/sonex.com.br\/"},{"@type":"ListItem","position":2,"name":"Assessoria de Imprensa"}]},{"@type":"WebSite","@id":"https:\/\/sonex.com.br\/#website","url":"https:\/\/sonex.com.br\/","name":"Sonex","description":"","publisher":{"@id":"https:\/\/sonex.com.br\/#organization"},"potentialAction":[{"@type":"SearchAction","target":{"@type":"EntryPoint","urlTemplate":"https:\/\/sonex.com.br\/?s={search_term_string}"},"query-input":"required name=search_term_string"}],"inLanguage":"es"},{"@type":"Organization","@id":"https:\/\/sonex.com.br\/#organization","name":"OWA Sonex do Brasil","url":"https:\/\/sonex.com.br\/","logo":{"@type":"ImageObject","inLanguage":"es","@id":"https:\/\/sonex.com.br\/#\/schema\/logo\/image\/","url":"https:\/\/sonex.com.br\/wp-content\/uploads\/2020\/01\/logo-owa.png","contentUrl":"https:\/\/sonex.com.br\/wp-content\/uploads\/2020\/01\/logo-owa.png","width":150,"height":150,"caption":"OWA Sonex do Brasil"},"image":{"@id":"https:\/\/sonex.com.br\/#\/schema\/logo\/image\/"},"sameAs":["https:\/\/www.facebook.com\/OWASonex\/","https:\/\/www.instagram.com\/owa_sonex\/","https:\/\/pt.linkedin.com\/company\/owa-sonex-brasil"]}]}},"_links":{"self":[{"href":"https:\/\/sonex.com.br\/es\/wp-json\/wp\/v2\/pages\/2672"}],"collection":[{"href":"https:\/\/sonex.com.br\/es\/wp-json\/wp\/v2\/pages"}],"about":[{"href":"https:\/\/sonex.com.br\/es\/wp-json\/wp\/v2\/types\/page"}],"author":[{"embeddable":true,"href":"https:\/\/sonex.com.br\/es\/wp-json\/wp\/v2\/users\/2"}],"replies":[{"embeddable":true,"href":"https:\/\/sonex.com.br\/es\/wp-json\/wp\/v2\/comments?post=2672"}],"version-history":[{"count":0,"href":"https:\/\/sonex.com.br\/es\/wp-json\/wp\/v2\/pages\/2672\/revisions"}],"wp:featuredmedia":[{"embeddable":true,"href":"https:\/\/sonex.com.br\/es\/wp-json\/wp\/v2\/media\/316"}],"wp:attachment":[{"href":"https:\/\/sonex.com.br\/es\/wp-json\/wp\/v2\/media?parent=2672"}],"curies":[{"name":"wp","href":"https:\/\/api.w.org\/{rel}","templated":true}]}}