{"id":22,"date":"2018-11-28T11:07:29","date_gmt":"2018-11-28T13:07:29","guid":{"rendered":"http:\/\/owa.com.br\/?page_id=22"},"modified":"2025-01-27T18:12:05","modified_gmt":"2025-01-27T21:12:05","slug":"blog-informacoes-e-conteudos","status":"publish","type":"page","link":"https:\/\/sonex.com.br\/es\/blog-informacoes-e-conteudos\/","title":{"rendered":"Blog"},"content":{"rendered":"<p>Lorem ipsum dolor sit amet, consectetur adipisicing elit. Libero odio inventore iusto laudantium ipsa vitae nobis dignissimos eum totam voluptatum, nesciunt hic excepturi, alias aliquid? Laboriosam est temporibus, vel perferendis.Lorem ipsum dolor sit amet, consectetur adipisicing elit. Libero odio inventore iusto laudantium ipsa vitae nobis dignissimos eum totam voluptatum, nesciunt hic excepturi, alias aliquid? Laboriosam est temporibus, vel perferendis.Lorem ipsum dolor sit amet, consectetur adipisicing elit. Libero odio inventore iusto laudantium ipsa vitae nobis dignissimos eum totam voluptatum, nesciunt hic excepturi, alias aliquid? Laboriosam est temporibus, vel perferendis.Lorem ipsum dolor sit amet, consectetur adipisicing elit. Libero odio inventore iusto laudantium ipsa vitae nobis dignissimos eum totam voluptatum, nesciunt hic excepturi, alias aliquid? Laboriosam est temporibus, vel perferendis.Lorem ipsum dolor sit amet, consectetur adipisicing elit. Libero odio inventore iusto laudantium ipsa vitae nobis dignissimos eum totam voluptatum, nesciunt hic excepturi, alias aliquid? Laboriosam est temporibus, vel perferendis.Lorem ipsum dolor sit amet, consectetur adipisicing elit. Libero odio inventore iusto laudantium ipsa vitae nobis dignissimos eum totam voluptatum, nesciunt hic excepturi, alias aliquid? Laboriosam est temporibus, vel perferendis.<\/p>","protected":false},"excerpt":{"rendered":"<p>Lorem ipsum dolor sit amet, consectetur adipisicing elit. Libero odio inventore iusto laudantium ipsa vitae nobis dignissimos eum totam voluptatum, nesciunt hic excepturi, alias aliquid? Laboriosam est temporibus, vel perferendis.Lorem ipsum dolor sit amet, consectetur adipisicing elit. Libero odio inventore iusto laudantium ipsa vitae nobis dignissimos eum totam voluptatum, nesciunt hic excepturi, alias aliquid? Laboriosam [&hellip;]<\/p>\n","protected":false},"author":1,"featured_media":656,"parent":0,"menu_order":12,"comment_status":"closed","ping_status":"closed","template":"blog.php","meta":{"footnotes":""},"acf":[],"yoast_head":"<!-- This site is optimized with the Yoast SEO plugin v22.6 - https:\/\/yoast.com\/wordpress\/plugins\/seo\/ -->\n<title>Blog - Sonex<\/title>\n<meta name=\"description\" content=\"Conhe\u00e7a a Sonex: solu\u00e7\u00f5es inovadoras em isolamento ac\u00fastico e t\u00e9rmico para projetos residenciais, comerciais e industriais.\" \/>\n<meta name=\"robots\" content=\"index, follow, max-snippet:-1, max-image-preview:large, max-video-preview:-1\" \/>\n<link rel=\"canonical\" href=\"https:\/\/sonex.com.br\/blog-informacoes-e-conteudos\/\" \/>\n<meta property=\"og:locale\" content=\"es_ES\" \/>\n<meta property=\"og:type\" content=\"article\" \/>\n<meta property=\"og:title\" content=\"Blog - Sonex\" \/>\n<meta property=\"og:description\" content=\"Conhe\u00e7a a Sonex: solu\u00e7\u00f5es inovadoras em isolamento ac\u00fastico e t\u00e9rmico para projetos residenciais, comerciais e industriais.\" \/>\n<meta property=\"og:url\" content=\"https:\/\/sonex.com.br\/blog-informacoes-e-conteudos\/\" \/>\n<meta property=\"og:site_name\" content=\"Sonex\" \/>\n<meta property=\"article:publisher\" content=\"https:\/\/www.facebook.com\/OWASonex\/\" \/>\n<meta property=\"article:modified_time\" content=\"2025-01-27T21:12:05+00:00\" \/>\n<meta property=\"og:image\" content=\"https:\/\/sonex.com.br\/wp-content\/uploads\/2019\/01\/banner-7.png\" \/>\n\t<meta property=\"og:image:width\" content=\"1920\" \/>\n\t<meta property=\"og:image:height\" content=\"292\" \/>\n\t<meta property=\"og:image:type\" content=\"image\/png\" \/>\n<meta name=\"twitter:card\" content=\"summary_large_image\" \/>\n<meta name=\"twitter:label1\" content=\"Tiempo de lectura\" \/>\n\t<meta name=\"twitter:data1\" content=\"1 minuto\" \/>\n<script type=\"application\/ld+json\" class=\"yoast-schema-graph\">{\"@context\":\"https:\/\/schema.org\",\"@graph\":[{\"@type\":\"WebPage\",\"@id\":\"https:\/\/sonex.com.br\/blog-informacoes-e-conteudos\/\",\"url\":\"https:\/\/sonex.com.br\/blog-informacoes-e-conteudos\/\",\"name\":\"Blog - Sonex\",\"isPartOf\":{\"@id\":\"https:\/\/sonex.com.br\/#website\"},\"primaryImageOfPage\":{\"@id\":\"https:\/\/sonex.com.br\/blog-informacoes-e-conteudos\/#primaryimage\"},\"image\":{\"@id\":\"https:\/\/sonex.com.br\/blog-informacoes-e-conteudos\/#primaryimage\"},\"thumbnailUrl\":\"https:\/\/sonex.com.br\/wp-content\/uploads\/2019\/01\/banner-7.png\",\"datePublished\":\"2018-11-28T13:07:29+00:00\",\"dateModified\":\"2025-01-27T21:12:05+00:00\",\"description\":\"Conhe\u00e7a a Sonex: solu\u00e7\u00f5es inovadoras em isolamento ac\u00fastico e t\u00e9rmico para projetos residenciais, comerciais e industriais.\",\"breadcrumb\":{\"@id\":\"https:\/\/sonex.com.br\/blog-informacoes-e-conteudos\/#breadcrumb\"},\"inLanguage\":\"es\",\"potentialAction\":[{\"@type\":\"ReadAction\",\"target\":[\"https:\/\/sonex.com.br\/blog-informacoes-e-conteudos\/\"]}]},{\"@type\":\"ImageObject\",\"inLanguage\":\"es\",\"@id\":\"https:\/\/sonex.com.br\/blog-informacoes-e-conteudos\/#primaryimage\",\"url\":\"https:\/\/sonex.com.br\/wp-content\/uploads\/2019\/01\/banner-7.png\",\"contentUrl\":\"https:\/\/sonex.com.br\/wp-content\/uploads\/2019\/01\/banner-7.png\",\"width\":1920,\"height\":292},{\"@type\":\"BreadcrumbList\",\"@id\":\"https:\/\/sonex.com.br\/blog-informacoes-e-conteudos\/#breadcrumb\",\"itemListElement\":[{\"@type\":\"ListItem\",\"position\":1,\"name\":\"In\u00edcio\",\"item\":\"https:\/\/sonex.com.br\/\"},{\"@type\":\"ListItem\",\"position\":2,\"name\":\"Blog\"}]},{\"@type\":\"WebSite\",\"@id\":\"https:\/\/sonex.com.br\/#website\",\"url\":\"https:\/\/sonex.com.br\/\",\"name\":\"Sonex\",\"description\":\"\",\"publisher\":{\"@id\":\"https:\/\/sonex.com.br\/#organization\"},\"potentialAction\":[{\"@type\":\"SearchAction\",\"target\":{\"@type\":\"EntryPoint\",\"urlTemplate\":\"https:\/\/sonex.com.br\/?s={search_term_string}\"},\"query-input\":\"required name=search_term_string\"}],\"inLanguage\":\"es\"},{\"@type\":\"Organization\",\"@id\":\"https:\/\/sonex.com.br\/#organization\",\"name\":\"OWA Sonex do Brasil\",\"url\":\"https:\/\/sonex.com.br\/\",\"logo\":{\"@type\":\"ImageObject\",\"inLanguage\":\"es\",\"@id\":\"https:\/\/sonex.com.br\/#\/schema\/logo\/image\/\",\"url\":\"https:\/\/sonex.com.br\/wp-content\/uploads\/2020\/01\/logo-owa.png\",\"contentUrl\":\"https:\/\/sonex.com.br\/wp-content\/uploads\/2020\/01\/logo-owa.png\",\"width\":150,\"height\":150,\"caption\":\"OWA Sonex do Brasil\"},\"image\":{\"@id\":\"https:\/\/sonex.com.br\/#\/schema\/logo\/image\/\"},\"sameAs\":[\"https:\/\/www.facebook.com\/OWASonex\/\",\"https:\/\/www.instagram.com\/owa_sonex\/\",\"https:\/\/pt.linkedin.com\/company\/owa-sonex-brasil\"]}]}<\/script>\n<!-- \/ Yoast SEO plugin. -->","yoast_head_json":{"title":"Blog - Sonex","description":"Conhe\u00e7a a Sonex: solu\u00e7\u00f5es inovadoras em isolamento ac\u00fastico e t\u00e9rmico para projetos residenciais, comerciais e industriais.","robots":{"index":"index","follow":"follow","max-snippet":"max-snippet:-1","max-image-preview":"max-image-preview:large","max-video-preview":"max-video-preview:-1"},"canonical":"https:\/\/sonex.com.br\/blog-informacoes-e-conteudos\/","og_locale":"es_ES","og_type":"article","og_title":"Blog - Sonex","og_description":"Conhe\u00e7a a Sonex: solu\u00e7\u00f5es inovadoras em isolamento ac\u00fastico e t\u00e9rmico para projetos residenciais, comerciais e industriais.","og_url":"https:\/\/sonex.com.br\/blog-informacoes-e-conteudos\/","og_site_name":"Sonex","article_publisher":"https:\/\/www.facebook.com\/OWASonex\/","article_modified_time":"2025-01-27T21:12:05+00:00","og_image":[{"width":1920,"height":292,"url":"https:\/\/sonex.com.br\/wp-content\/uploads\/2019\/01\/banner-7.png","type":"image\/png"}],"twitter_card":"summary_large_image","twitter_misc":{"Tiempo de lectura":"1 minuto"},"schema":{"@context":"https:\/\/schema.org","@graph":[{"@type":"WebPage","@id":"https:\/\/sonex.com.br\/blog-informacoes-e-conteudos\/","url":"https:\/\/sonex.com.br\/blog-informacoes-e-conteudos\/","name":"Blog - Sonex","isPartOf":{"@id":"https:\/\/sonex.com.br\/#website"},"primaryImageOfPage":{"@id":"https:\/\/sonex.com.br\/blog-informacoes-e-conteudos\/#primaryimage"},"image":{"@id":"https:\/\/sonex.com.br\/blog-informacoes-e-conteudos\/#primaryimage"},"thumbnailUrl":"https:\/\/sonex.com.br\/wp-content\/uploads\/2019\/01\/banner-7.png","datePublished":"2018-11-28T13:07:29+00:00","dateModified":"2025-01-27T21:12:05+00:00","description":"Conhe\u00e7a a Sonex: solu\u00e7\u00f5es inovadoras em isolamento ac\u00fastico e t\u00e9rmico para projetos residenciais, comerciais e industriais.","breadcrumb":{"@id":"https:\/\/sonex.com.br\/blog-informacoes-e-conteudos\/#breadcrumb"},"inLanguage":"es","potentialAction":[{"@type":"ReadAction","target":["https:\/\/sonex.com.br\/blog-informacoes-e-conteudos\/"]}]},{"@type":"ImageObject","inLanguage":"es","@id":"https:\/\/sonex.com.br\/blog-informacoes-e-conteudos\/#primaryimage","url":"https:\/\/sonex.com.br\/wp-content\/uploads\/2019\/01\/banner-7.png","contentUrl":"https:\/\/sonex.com.br\/wp-content\/uploads\/2019\/01\/banner-7.png","width":1920,"height":292},{"@type":"BreadcrumbList","@id":"https:\/\/sonex.com.br\/blog-informacoes-e-conteudos\/#breadcrumb","itemListElement":[{"@type":"ListItem","position":1,"name":"In\u00edcio","item":"https:\/\/sonex.com.br\/"},{"@type":"ListItem","position":2,"name":"Blog"}]},{"@type":"WebSite","@id":"https:\/\/sonex.com.br\/#website","url":"https:\/\/sonex.com.br\/","name":"Sonex","description":"","publisher":{"@id":"https:\/\/sonex.com.br\/#organization"},"potentialAction":[{"@type":"SearchAction","target":{"@type":"EntryPoint","urlTemplate":"https:\/\/sonex.com.br\/?s={search_term_string}"},"query-input":"required name=search_term_string"}],"inLanguage":"es"},{"@type":"Organization","@id":"https:\/\/sonex.com.br\/#organization","name":"OWA Sonex do Brasil","url":"https:\/\/sonex.com.br\/","logo":{"@type":"ImageObject","inLanguage":"es","@id":"https:\/\/sonex.com.br\/#\/schema\/logo\/image\/","url":"https:\/\/sonex.com.br\/wp-content\/uploads\/2020\/01\/logo-owa.png","contentUrl":"https:\/\/sonex.com.br\/wp-content\/uploads\/2020\/01\/logo-owa.png","width":150,"height":150,"caption":"OWA Sonex do Brasil"},"image":{"@id":"https:\/\/sonex.com.br\/#\/schema\/logo\/image\/"},"sameAs":["https:\/\/www.facebook.com\/OWASonex\/","https:\/\/www.instagram.com\/owa_sonex\/","https:\/\/pt.linkedin.com\/company\/owa-sonex-brasil"]}]}},"_links":{"self":[{"href":"https:\/\/sonex.com.br\/es\/wp-json\/wp\/v2\/pages\/22"}],"collection":[{"href":"https:\/\/sonex.com.br\/es\/wp-json\/wp\/v2\/pages"}],"about":[{"href":"https:\/\/sonex.com.br\/es\/wp-json\/wp\/v2\/types\/page"}],"author":[{"embeddable":true,"href":"https:\/\/sonex.com.br\/es\/wp-json\/wp\/v2\/users\/1"}],"replies":[{"embeddable":true,"href":"https:\/\/sonex.com.br\/es\/wp-json\/wp\/v2\/comments?post=22"}],"version-history":[{"count":0,"href":"https:\/\/sonex.com.br\/es\/wp-json\/wp\/v2\/pages\/22\/revisions"}],"wp:featuredmedia":[{"embeddable":true,"href":"https:\/\/sonex.com.br\/es\/wp-json\/wp\/v2\/media\/656"}],"wp:attachment":[{"href":"https:\/\/sonex.com.br\/es\/wp-json\/wp\/v2\/media?parent=22"}],"curies":[{"name":"wp","href":"https:\/\/api.w.org\/{rel}","templated":true}]}}