{"id":16,"date":"2018-11-28T10:49:05","date_gmt":"2018-11-28T12:49:05","guid":{"rendered":"http:\/\/owa.com.br\/?page_id=16"},"modified":"2025-04-07T13:07:25","modified_gmt":"2025-04-07T16:07:25","slug":"sustentabilidade","status":"publish","type":"page","link":"https:\/\/sonex.com.br\/es\/sustentabilidade\/","title":{"rendered":"Sostenibilidad"},"content":{"rendered":"<p><\/p>\n<h2>Certificado de Sustentabilidad \u2013 BLUE ANGEL<\/h2>\n<p><img decoding=\"async\" loading=\"lazy\" class=\"size-full wp-image-295 alignleft\" src=\"https:\/\/sonex.com.br\/wp-content\/uploads\/2018\/12\/selo-composto-blue-angel.png\" alt=\"\" width=\"105\" height=\"74\" \/><\/p>\n<p>Sea continua involucraci\u00f3n en el sector de protecci\u00f3n ambiental fue recompensado por un premio m\u00e1s. La empresa OWA fue la primera compa\u00f1\u00eda de forros minerales que recibi\u00f3 el certificado \u201cBLUE ANGEL\u201d de Alemania. Este sello sustentable confirma que los forros de fibra mineral son producidos\u00a0con materias primas naturales y no ofrecen riesgo a la salud, siendo aplicables inclusive en \u00e1reas altamente susceptibles, como hospitales, guarder\u00edas o escuelas. OWA tambi\u00e9n recibe este premio como parte del \u00e9xito por la filosof\u00eda practicada por la empresa y por d\u00e9cadas de esfuerzos en la utilizaci\u00f3n de materias primas que llevan en consideraci\u00f3n la salud y el medio ambiente.<\/p>\n<p>Blue Angel es el primer sello sustentable del mundo para productos y servicios. Fundado en 1978 por iniciativa del Ministerio Federal del Interior y Medio Ambiente de Alemania, establece patrones de eco productos y servicios seleccionados por un jurado independiente, de acuerdo con criterios preestablecidos. El Blue Angel es atribuido a empresas como una especie de recompensa por su compromiso con la protecci\u00f3n ambiental, con el objetivo de promover el consumo ambientalmente consciente.<\/p>\n<p>&nbsp;<\/p>\n<h2>Sustentabilidad<\/h2>\n<p>Los Forros Minerales OWA son el fruto de investigaciones de largo plazo. El resultado: productos que atienden todos los requisitos importantes para calidad, seguridad y medio ambiente. Para los\u00a0cuales presentamos el sello RAL \u2013 luego que respalda lo que respecta a la salud y garantiza la calidad\u00a0permanente de nuestra fibra mineral. Con este proceso mantenemos la excelente calidad que, por d\u00e9cadas ha sido vinculada a la marca OWA.<\/p>\n<h2>Compuestos Naturales<\/h2>\n<p>Para la producci\u00f3n de nuestros forros minerales, utilizamos la fibra blanca bio-soluble \u2013 derivada de la mezcla de arena, vidrio reciclado y calc\u00e1reo. Esta fibra mineral es completamente inofensiva para la salud y atiende a requisitos internacionales. La tinta utilizada en los forros minerales OWA es una dispersi\u00f3n libre de solventes, que contiene solamente pigmentos naturales.<\/p>\n<p><img decoding=\"async\" loading=\"lazy\" class=\"size-full wp-image-303 alignnone\" src=\"https:\/\/sonex.com.br\/wp-content\/uploads\/2018\/12\/selo-composto-ral.png\" alt=\"\" width=\"104\" height=\"74\" \/><\/p>\n<p><strong>RAL<\/strong>: Sello de calidad que confirma el constante monitoreo y la observancia de las normas\u00a0sobre la bio-solubilidad de las fibras minerales que producimos.<\/p>\n<p><img decoding=\"async\" loading=\"lazy\" class=\"size-full wp-image-295 alignnone\" src=\"https:\/\/sonex.com.br\/wp-content\/uploads\/2018\/12\/selo-composto-blue-angel.png\" alt=\"\" width=\"105\" height=\"74\" \/><\/p>\n<p><strong>Blue Angel<\/strong>: Sello que clasifica los Forros Minerales OWA como materiales de construcci\u00f3n de baja\u2013emisi\u00f3n, por no emitir VOC y por este motivo respetar el medio ambiente y la salud.<\/p>\n<p><img decoding=\"async\" loading=\"lazy\" class=\"size-full wp-image-304 alignnone\" src=\"https:\/\/sonex.com.br\/wp-content\/uploads\/2018\/12\/selo-composto-tuv-iso.png\" alt=\"\" width=\"104\" height=\"74\" \/><\/p>\n<p><strong>TUV ISO 14001<\/strong>: Certificado que aprueba nuestro sistema de administraci\u00f3n del medio ambiente seg\u00fan las normas ISO 14001, desde 2003.<\/p>\n<p><img decoding=\"async\" loading=\"lazy\" class=\"size-full wp-image-296 alignnone\" src=\"https:\/\/sonex.com.br\/wp-content\/uploads\/2018\/12\/selo-composto-ce.png\" alt=\"\" width=\"103\" height=\"74\" \/><\/p>\n<p><strong>CE<\/strong>:\u00a0Declaraci\u00f3n de Conformidad CE \u2013 nuestros productos son producidos en conformidad con las Directrices de la Comunidad Europea para Materiales de Construcci\u00f3n 89\/106 EEC y EN13964.<\/p>\n<p><img decoding=\"async\" loading=\"lazy\" class=\"size-full wp-image-299 alignnone\" src=\"https:\/\/sonex.com.br\/wp-content\/uploads\/2018\/12\/selo-composto-eurofins.png\" alt=\"\" width=\"105\" height=\"74\" \/><\/p>\n<p><strong>Eurofins<\/strong>: Certifica que nuestros forros no contienen formaldehido;<\/p>\n<p><img decoding=\"async\" loading=\"lazy\" class=\"size-full wp-image-297 alignnone\" src=\"https:\/\/sonex.com.br\/wp-content\/uploads\/2018\/12\/selo-composto-e-on.png\" alt=\"\" width=\"103\" height=\"74\" \/><\/p>\n<p><strong>E.ON award<\/strong>: Condecoraci\u00f3n recibida de la Empresa Alemana de Energ\u00eda por el innovador concepto de aprovechamiento de energ\u00eda del proceso productivo de los forros minerales.<\/p>\n<p><img decoding=\"async\" loading=\"lazy\" class=\"size-full wp-image-302 alignnone\" src=\"https:\/\/sonex.com.br\/wp-content\/uploads\/2018\/12\/selo-composto-gsa.png\" alt=\"\" width=\"105\" height=\"74\" \/><\/p>\n<p><strong>GSA<\/strong>: Certifica que nuestros productos no contienen asbestos\/amianto.<\/p>\n<p><img decoding=\"async\" loading=\"lazy\" class=\"size-full wp-image-298 alignnone\" src=\"https:\/\/sonex.com.br\/wp-content\/uploads\/2018\/12\/selo-composto-epa.png\" alt=\"\" width=\"105\" height=\"75\" \/><\/p>\n<p><strong>EPA Aachen GmbH<\/strong>: Certifica que nuestros forros son adecuados para \u00e1reas habitables, por no emitir materiales da\u00f1inos para la salud.<\/p>\n<p><img decoding=\"async\" loading=\"lazy\" class=\"size-full wp-image-300 alignnone\" src=\"https:\/\/sonex.com.br\/wp-content\/uploads\/2018\/12\/selo-composto-fibras.png\" alt=\"\" width=\"103\" height=\"74\" \/><\/p>\n<p><strong>Certifica\u00e7\u00e3o de persist\u00eancia das fibras<\/strong>: Certifica que nuestra fibra mineral es biol\u00f3gicamente absorbida de acuerdo con las Directrices EU 97\/69 y la Porter\u00eda de Productos Qu\u00edmicos y Materiales Peligrosos Prohibidos.<\/p>\n<p><img decoding=\"async\" loading=\"lazy\" class=\"alignnone wp-image-3122 \" src=\"https:\/\/sonex.com.br\/wp-content\/uploads\/2025\/04\/FSC_C119378_Promotional_with_text_Portrait_GreenOnWhite_r_265veA-201x300.jpeg\" alt=\"\" width=\"121\" height=\"181\" srcset=\"https:\/\/sonex.com.br\/wp-content\/uploads\/2025\/04\/FSC_C119378_Promotional_with_text_Portrait_GreenOnWhite_r_265veA-201x300.jpeg 201w, https:\/\/sonex.com.br\/wp-content\/uploads\/2025\/04\/FSC_C119378_Promotional_with_text_Portrait_GreenOnWhite_r_265veA-688x1024.jpeg 688w, https:\/\/sonex.com.br\/wp-content\/uploads\/2025\/04\/FSC_C119378_Promotional_with_text_Portrait_GreenOnWhite_r_265veA-768x1144.jpeg 768w, https:\/\/sonex.com.br\/wp-content\/uploads\/2025\/04\/FSC_C119378_Promotional_with_text_Portrait_GreenOnWhite_r_265veA.jpeg 1024w\" sizes=\"(max-width: 121px) 100vw, 121px\" \/><\/p>\n<p><strong>FSC<\/strong>: Sello que clasifica el manejo responsable de madera de reforestaci\u00f3n.<\/p>\n<p>&nbsp;<\/p>\n<h2>OWA &#8211; Forros Minerales Bio-solubles para Proyectos Sustentables<\/h2>\n<p>Eldorado Business Tower<\/p>\n<p>El Eldorado Business Tower, es uno de los primeros proyectos corporativos de grande\u00a0porte del pa\u00eds a recibir la certificaci\u00f3n Platinum &#8211; la m\u00e1s elevada del sistema norte\u00a0americano LEED Leadership in Energy and Environmental Dise\u00f1o &#8211; escogi\u00f3 forros\u00a0minerales OWA como uno de sus acabados.<\/p>\n<p>Producidos seg\u00fan rigorosos criterios t\u00e9cnicos y materias primas naturales, la fibra\u00a0mineral blanca, los forros minerales OWA son Bio-Solubles atendiendo a los m\u00e1s\u00a0nuevos requisitos de la Construcci\u00f3n Sustentable.<\/p>\n<ul>\n<li>Libres de formaldehido o cualquier material nocivo, son certificados por los\u00a0Institutos Internacionales EPA, ITA, Eurofins, RAL.<\/li>\n<li>No agreden al medio ambiente, pudiendo ser 100% reciclados o descartados\u00a0en vertedero com\u00fan, certificados por los Institutos ITA e RAL.<\/li>\n<\/ul>\n<p>&nbsp;<\/p>\n<h2>OWA \u2013 Respeto a la Vida y al Medio Ambiente<\/h2>\n<ul>\n<li>E.ON Award 2007 \u2013 Premio para Empresa Sustentable Innovador Proceso Productivo con Sistema de Reaprovechamiento de Energ\u00eda fue premiado por la Asociaci\u00f3n de Energ\u00eda de Alemania.<\/li>\n<li>TUV ISO 9001 \u2013 Certificado de Calidad<\/li>\n<li>TUV ISO 14001 \u2013 Certificado de Gesti\u00f3n Ambiental<\/li>\n<li>TUV BS OHSAS 18001 \u2013 Certificado para Sistema de Salud Ocupacional y Seguridad del Trabajo.<\/li>\n<\/ul>\n<p><\/p>","protected":false},"excerpt":{"rendered":"<p>Certificado de Sustentabilidad \u2013 BLUE ANGEL Sea continua involucraci\u00f3n en el sector de protecci\u00f3n ambiental fue recompensado por un premio m\u00e1s. La empresa OWA fue la primera compa\u00f1\u00eda de forros minerales que recibi\u00f3 el certificado \u201cBLUE ANGEL\u201d de Alemania. Este sello sustentable confirma que los forros de fibra mineral son producidos\u00a0con materias primas naturales y [&hellip;]<\/p>\n","protected":false},"author":1,"featured_media":1972,"parent":0,"menu_order":10,"comment_status":"closed","ping_status":"closed","template":"sustentabilidade.php","meta":{"footnotes":""},"acf":[],"yoast_head":"<!-- This site is optimized with the Yoast SEO plugin v22.6 - https:\/\/yoast.com\/wordpress\/plugins\/seo\/ -->\n<title>Sostenibilidad - Sonex<\/title>\n<meta name=\"robots\" content=\"index, follow, max-snippet:-1, max-image-preview:large, max-video-preview:-1\" \/>\n<link rel=\"canonical\" href=\"https:\/\/sonex.com.br\/sustentabilidade\/\" \/>\n<meta property=\"og:locale\" content=\"es_ES\" \/>\n<meta property=\"og:type\" content=\"article\" \/>\n<meta property=\"og:title\" content=\"[:pb]Sustentabilidade[:es]Sostenibilidad[:] - Sonex\" \/>\n<meta property=\"og:description\" content=\"Certificado de Sustentabilidad \u2013 BLUE ANGEL Sea continua involucraci\u00f3n en el sector de protecci\u00f3n ambiental fue recompensado por un premio m\u00e1s. La empresa OWA fue la primera compa\u00f1\u00eda de forros minerales que recibi\u00f3 el certificado \u201cBLUE ANGEL\u201d de Alemania. Este sello sustentable confirma que los forros de fibra mineral son producidos\u00a0con materias primas naturales y [&hellip;]\" \/>\n<meta property=\"og:url\" content=\"https:\/\/sonex.com.br\/sustentabilidade\/\" \/>\n<meta property=\"og:site_name\" content=\"Sonex\" \/>\n<meta property=\"article:publisher\" content=\"https:\/\/www.facebook.com\/OWASonex\/\" \/>\n<meta property=\"article:modified_time\" content=\"2025-04-07T16:07:25+00:00\" \/>\n<meta property=\"og:image\" content=\"https:\/\/sonex.com.br\/wp-content\/uploads\/2019\/06\/banner_sustentabilidade.jpg\" \/>\n\t<meta property=\"og:image:width\" content=\"1920\" \/>\n\t<meta property=\"og:image:height\" content=\"292\" \/>\n\t<meta property=\"og:image:type\" content=\"image\/jpeg\" \/>\n<meta name=\"twitter:card\" content=\"summary_large_image\" \/>\n<meta name=\"twitter:label1\" content=\"Tiempo de lectura\" \/>\n\t<meta name=\"twitter:data1\" content=\"13 minutos\" \/>\n<script type=\"application\/ld+json\" class=\"yoast-schema-graph\">{\"@context\":\"https:\/\/schema.org\",\"@graph\":[{\"@type\":\"WebPage\",\"@id\":\"https:\/\/sonex.com.br\/sustentabilidade\/\",\"url\":\"https:\/\/sonex.com.br\/sustentabilidade\/\",\"name\":\"[:pb]Sustentabilidade[:es]Sostenibilidad[:] - Sonex\",\"isPartOf\":{\"@id\":\"https:\/\/sonex.com.br\/#website\"},\"primaryImageOfPage\":{\"@id\":\"https:\/\/sonex.com.br\/sustentabilidade\/#primaryimage\"},\"image\":{\"@id\":\"https:\/\/sonex.com.br\/sustentabilidade\/#primaryimage\"},\"thumbnailUrl\":\"https:\/\/sonex.com.br\/wp-content\/uploads\/2019\/06\/banner_sustentabilidade.jpg\",\"datePublished\":\"2018-11-28T12:49:05+00:00\",\"dateModified\":\"2025-04-07T16:07:25+00:00\",\"breadcrumb\":{\"@id\":\"https:\/\/sonex.com.br\/sustentabilidade\/#breadcrumb\"},\"inLanguage\":\"es\",\"potentialAction\":[{\"@type\":\"ReadAction\",\"target\":[\"https:\/\/sonex.com.br\/sustentabilidade\/\"]}]},{\"@type\":\"ImageObject\",\"inLanguage\":\"es\",\"@id\":\"https:\/\/sonex.com.br\/sustentabilidade\/#primaryimage\",\"url\":\"https:\/\/sonex.com.br\/wp-content\/uploads\/2019\/06\/banner_sustentabilidade.jpg\",\"contentUrl\":\"https:\/\/sonex.com.br\/wp-content\/uploads\/2019\/06\/banner_sustentabilidade.jpg\",\"width\":1920,\"height\":292},{\"@type\":\"BreadcrumbList\",\"@id\":\"https:\/\/sonex.com.br\/sustentabilidade\/#breadcrumb\",\"itemListElement\":[{\"@type\":\"ListItem\",\"position\":1,\"name\":\"In\u00edcio\",\"item\":\"https:\/\/sonex.com.br\/\"},{\"@type\":\"ListItem\",\"position\":2,\"name\":\"Sustentabilidade\"}]},{\"@type\":\"WebSite\",\"@id\":\"https:\/\/sonex.com.br\/#website\",\"url\":\"https:\/\/sonex.com.br\/\",\"name\":\"Sonex\",\"description\":\"\",\"publisher\":{\"@id\":\"https:\/\/sonex.com.br\/#organization\"},\"potentialAction\":[{\"@type\":\"SearchAction\",\"target\":{\"@type\":\"EntryPoint\",\"urlTemplate\":\"https:\/\/sonex.com.br\/?s={search_term_string}\"},\"query-input\":\"required name=search_term_string\"}],\"inLanguage\":\"es\"},{\"@type\":\"Organization\",\"@id\":\"https:\/\/sonex.com.br\/#organization\",\"name\":\"OWA Sonex do Brasil\",\"url\":\"https:\/\/sonex.com.br\/\",\"logo\":{\"@type\":\"ImageObject\",\"inLanguage\":\"es\",\"@id\":\"https:\/\/sonex.com.br\/#\/schema\/logo\/image\/\",\"url\":\"https:\/\/sonex.com.br\/wp-content\/uploads\/2020\/01\/logo-owa.png\",\"contentUrl\":\"https:\/\/sonex.com.br\/wp-content\/uploads\/2020\/01\/logo-owa.png\",\"width\":150,\"height\":150,\"caption\":\"OWA Sonex do Brasil\"},\"image\":{\"@id\":\"https:\/\/sonex.com.br\/#\/schema\/logo\/image\/\"},\"sameAs\":[\"https:\/\/www.facebook.com\/OWASonex\/\",\"https:\/\/www.instagram.com\/owa_sonex\/\",\"https:\/\/pt.linkedin.com\/company\/owa-sonex-brasil\"]}]}<\/script>\n<!-- \/ Yoast SEO plugin. -->","yoast_head_json":{"title":"[:pb]Sustentabilidade[:es]Sostenibilidad[:] - Sonex","robots":{"index":"index","follow":"follow","max-snippet":"max-snippet:-1","max-image-preview":"max-image-preview:large","max-video-preview":"max-video-preview:-1"},"canonical":"https:\/\/sonex.com.br\/sustentabilidade\/","og_locale":"es_ES","og_type":"article","og_title":"[:pb]Sustentabilidade[:es]Sostenibilidad[:] - Sonex","og_description":"Certificado de Sustentabilidad \u2013 BLUE ANGEL Sea continua involucraci\u00f3n en el sector de protecci\u00f3n ambiental fue recompensado por un premio m\u00e1s. La empresa OWA fue la primera compa\u00f1\u00eda de forros minerales que recibi\u00f3 el certificado \u201cBLUE ANGEL\u201d de Alemania. Este sello sustentable confirma que los forros de fibra mineral son producidos\u00a0con materias primas naturales y [&hellip;]","og_url":"https:\/\/sonex.com.br\/sustentabilidade\/","og_site_name":"Sonex","article_publisher":"https:\/\/www.facebook.com\/OWASonex\/","article_modified_time":"2025-04-07T16:07:25+00:00","og_image":[{"width":1920,"height":292,"url":"https:\/\/sonex.com.br\/wp-content\/uploads\/2019\/06\/banner_sustentabilidade.jpg","type":"image\/jpeg"}],"twitter_card":"summary_large_image","twitter_misc":{"Tiempo de lectura":"13 minutos"},"schema":{"@context":"https:\/\/schema.org","@graph":[{"@type":"WebPage","@id":"https:\/\/sonex.com.br\/sustentabilidade\/","url":"https:\/\/sonex.com.br\/sustentabilidade\/","name":"[:pb]Sustentabilidade[:es]Sostenibilidad[:] - Sonex","isPartOf":{"@id":"https:\/\/sonex.com.br\/#website"},"primaryImageOfPage":{"@id":"https:\/\/sonex.com.br\/sustentabilidade\/#primaryimage"},"image":{"@id":"https:\/\/sonex.com.br\/sustentabilidade\/#primaryimage"},"thumbnailUrl":"https:\/\/sonex.com.br\/wp-content\/uploads\/2019\/06\/banner_sustentabilidade.jpg","datePublished":"2018-11-28T12:49:05+00:00","dateModified":"2025-04-07T16:07:25+00:00","breadcrumb":{"@id":"https:\/\/sonex.com.br\/sustentabilidade\/#breadcrumb"},"inLanguage":"es","potentialAction":[{"@type":"ReadAction","target":["https:\/\/sonex.com.br\/sustentabilidade\/"]}]},{"@type":"ImageObject","inLanguage":"es","@id":"https:\/\/sonex.com.br\/sustentabilidade\/#primaryimage","url":"https:\/\/sonex.com.br\/wp-content\/uploads\/2019\/06\/banner_sustentabilidade.jpg","contentUrl":"https:\/\/sonex.com.br\/wp-content\/uploads\/2019\/06\/banner_sustentabilidade.jpg","width":1920,"height":292},{"@type":"BreadcrumbList","@id":"https:\/\/sonex.com.br\/sustentabilidade\/#breadcrumb","itemListElement":[{"@type":"ListItem","position":1,"name":"In\u00edcio","item":"https:\/\/sonex.com.br\/"},{"@type":"ListItem","position":2,"name":"Sustentabilidade"}]},{"@type":"WebSite","@id":"https:\/\/sonex.com.br\/#website","url":"https:\/\/sonex.com.br\/","name":"Sonex","description":"","publisher":{"@id":"https:\/\/sonex.com.br\/#organization"},"potentialAction":[{"@type":"SearchAction","target":{"@type":"EntryPoint","urlTemplate":"https:\/\/sonex.com.br\/?s={search_term_string}"},"query-input":"required name=search_term_string"}],"inLanguage":"es"},{"@type":"Organization","@id":"https:\/\/sonex.com.br\/#organization","name":"OWA Sonex do Brasil","url":"https:\/\/sonex.com.br\/","logo":{"@type":"ImageObject","inLanguage":"es","@id":"https:\/\/sonex.com.br\/#\/schema\/logo\/image\/","url":"https:\/\/sonex.com.br\/wp-content\/uploads\/2020\/01\/logo-owa.png","contentUrl":"https:\/\/sonex.com.br\/wp-content\/uploads\/2020\/01\/logo-owa.png","width":150,"height":150,"caption":"OWA Sonex do Brasil"},"image":{"@id":"https:\/\/sonex.com.br\/#\/schema\/logo\/image\/"},"sameAs":["https:\/\/www.facebook.com\/OWASonex\/","https:\/\/www.instagram.com\/owa_sonex\/","https:\/\/pt.linkedin.com\/company\/owa-sonex-brasil"]}]}},"_links":{"self":[{"href":"https:\/\/sonex.com.br\/es\/wp-json\/wp\/v2\/pages\/16"}],"collection":[{"href":"https:\/\/sonex.com.br\/es\/wp-json\/wp\/v2\/pages"}],"about":[{"href":"https:\/\/sonex.com.br\/es\/wp-json\/wp\/v2\/types\/page"}],"author":[{"embeddable":true,"href":"https:\/\/sonex.com.br\/es\/wp-json\/wp\/v2\/users\/1"}],"replies":[{"embeddable":true,"href":"https:\/\/sonex.com.br\/es\/wp-json\/wp\/v2\/comments?post=16"}],"version-history":[{"count":0,"href":"https:\/\/sonex.com.br\/es\/wp-json\/wp\/v2\/pages\/16\/revisions"}],"wp:featuredmedia":[{"embeddable":true,"href":"https:\/\/sonex.com.br\/es\/wp-json\/wp\/v2\/media\/1972"}],"wp:attachment":[{"href":"https:\/\/sonex.com.br\/es\/wp-json\/wp\/v2\/media?parent=16"}],"curies":[{"name":"wp","href":"https:\/\/api.w.org\/{rel}","templated":true}]}}