{"id":13,"date":"2018-11-28T10:47:34","date_gmt":"2018-11-28T12:47:34","guid":{"rendered":"http:\/\/owa.com.br\/?page_id=13"},"modified":"2024-03-15T16:22:50","modified_gmt":"2024-03-15T19:22:50","slug":"quem-somos","status":"publish","type":"page","link":"https:\/\/sonex.com.br\/es\/quem-somos\/","title":{"rendered":"Quienes somos"},"content":{"rendered":"<p><\/a><\/p>\n<p>&#8211; Certificado FSC: IMA \u2013 COC &#8211; 006811<\/p>\n<p>Nosso contexto \u00e9: \u201ccriar, fabricar e fornecer solu\u00e7\u00f5es para o tratamento ac\u00fastico de ambientes, gerando valor para Clientes, Acionistas, Funcion\u00e1rios, Fornecedores e Sociedade (partes interessadas) atrav\u00e9s de uma postura respons\u00e1vel nos neg\u00f3cios e meio ambiente, respeitando suas leis, diferenciando-nos pela Qualidade, Inova\u00e7\u00e3o de Produtos e especialmente pelo Atendimento\u201d.<\/p>\n<p>OWA SONEX, refer\u00eancia em forros e revestimentos ac\u00fasticos.Actuante en el Brasil desde 1988, l\u00edder en el mercado de placas ac\u00fasticas, la empresa illbruck-Sonex, ahora OWA Sonex, fabrica, importa y distribuye en todo el territorio nacional placas y revestimientos ac\u00fasticos SONEX, Cielorrasos en Fibra Mineral OWA, Cielorrasos y Revestimientos Ac\u00fasticos de madera Nexacustic, Cielorrasos y Perfiles Met\u00e1licos OWA, adem\u00e1s de productos ac\u00fasticos diferenciados Pinta Acoustic de Alemania.<\/p>\n<p>Ac\u00fastica, Innovaci\u00f3n y Sustentabilidad forman la base de nuestros productos que proporcionan la inteligibilidad de la palabra y comodidad en las aplicaciones del segmento ARQUITECTURA; reducen los niveles de ruido de los ambientes INDUSTRIALES y adec\u00faan ac\u00fasticamente ESTUDIOS de locuci\u00f3n, v\u00eddeo, m\u00fasica e islas de edici\u00f3n.<\/p>\n<p>Nuestros productos ac\u00fasticos y sistemas de protecci\u00f3n contra el ruido pueden ser utilizados para proporcionar soluciones eficaces en pr\u00e1cticamente todos los ambientes &#8211; desde oficinas, estudios de grabaci\u00f3n, teatros, auditorios e instalaciones hospitalarias. Pueden ser aplicados tambi\u00e9n en la reducci\u00f3n del ruido en gimnasios, piscinas y salas para clases o en la reducci\u00f3n del ruido excesivo en grandes instalaciones de producci\u00f3n. Las soluciones OWA Sonex ofrecen caracter\u00edsticas de desempe\u00f1o excepcional con la posibilidad de elegir entre una amplia gama de colores, materiales y formas, a fin de crear espacios interiores con un dise\u00f1o atractivo y eficaz, resultando en el bien estar de las personas.<\/p>\n<p>Para la correcta indicaci\u00f3n de sus productos, la empresa OWA Sonex desarroll\u00f3 un software exclusivo &#8211; AMBIENT &#8211; de simulaci\u00f3n ac\u00fastica &#8211; basado en el tiempo de reverberaci\u00f3n ideal y de las caracter\u00edsticas de cada ambiente. Con esto, se pueden diagnosticar y sugerir productos que mejoran la est\u00e9tica y har\u00e1n la adecuaci\u00f3n ac\u00fastica.<\/p>\n<p>OWA Sonex, referencia en cielorrasos y revestimientos ac\u00fasticos.<\/p>","protected":false},"excerpt":{"rendered":"<p>&#8211; Certificado FSC: IMA \u2013 COC &#8211; 006811 Nosso contexto \u00e9: \u201ccriar, fabricar e fornecer solu\u00e7\u00f5es para o tratamento ac\u00fastico de ambientes, gerando valor para Clientes, Acionistas, Funcion\u00e1rios, Fornecedores e Sociedade (partes interessadas) atrav\u00e9s de uma postura respons\u00e1vel nos neg\u00f3cios e meio ambiente, respeitando suas leis, diferenciando-nos pela Qualidade, Inova\u00e7\u00e3o de Produtos e especialmente pelo [&hellip;]<\/p>\n","protected":false},"author":1,"featured_media":316,"parent":0,"menu_order":9,"comment_status":"closed","ping_status":"closed","template":"sustentabilidade.php","meta":{"footnotes":""},"acf":[],"yoast_head":"<!-- This site is optimized with the Yoast SEO plugin v22.6 - https:\/\/yoast.com\/wordpress\/plugins\/seo\/ -->\n<title>Quienes somos - Sonex<\/title>\n<meta name=\"description\" content=\"Desde 1988, a OWA Sonex \u00e9 refer\u00eancia no segmento de forros e revestimentos ac\u00fasticos e em busca de renova\u00e7\u00e3o e para atender um mercado cada vez mais exigente, nos reinventamos e agora somos a Sonex Saint-Gobain.\" \/>\n<meta name=\"robots\" content=\"index, follow, max-snippet:-1, max-image-preview:large, max-video-preview:-1\" \/>\n<link rel=\"canonical\" href=\"https:\/\/sonex.com.br\/quem-somos\/\" \/>\n<meta property=\"og:locale\" content=\"es_ES\" \/>\n<meta property=\"og:type\" content=\"article\" \/>\n<meta property=\"og:title\" content=\"[:pb]Quem somos[:es]Quienes somos[:] - Sonex\" \/>\n<meta property=\"og:description\" content=\"Desde 1988, a OWA Sonex \u00e9 refer\u00eancia no segmento de forros e revestimentos ac\u00fasticos e em busca de renova\u00e7\u00e3o e para atender um mercado cada vez mais exigente, nos reinventamos e agora somos a Sonex Saint-Gobain.\" \/>\n<meta property=\"og:url\" content=\"https:\/\/sonex.com.br\/quem-somos\/\" \/>\n<meta property=\"og:site_name\" content=\"Sonex\" \/>\n<meta property=\"article:publisher\" content=\"https:\/\/www.facebook.com\/OWASonex\/\" \/>\n<meta property=\"article:modified_time\" content=\"2024-03-15T19:22:50+00:00\" \/>\n<meta property=\"og:image\" content=\"https:\/\/sonex.com.br\/wp-content\/uploads\/2018\/12\/banner-internas-2.png\" \/>\n\t<meta property=\"og:image:width\" content=\"1920\" \/>\n\t<meta property=\"og:image:height\" content=\"292\" \/>\n\t<meta property=\"og:image:type\" content=\"image\/png\" \/>\n<meta name=\"twitter:card\" content=\"summary_large_image\" \/>\n<meta name=\"twitter:label1\" content=\"Tiempo de lectura\" \/>\n\t<meta name=\"twitter:data1\" content=\"3 minutos\" \/>\n<script type=\"application\/ld+json\" class=\"yoast-schema-graph\">{\"@context\":\"https:\/\/schema.org\",\"@graph\":[{\"@type\":\"WebPage\",\"@id\":\"https:\/\/sonex.com.br\/quem-somos\/\",\"url\":\"https:\/\/sonex.com.br\/quem-somos\/\",\"name\":\"[:pb]Quem somos[:es]Quienes somos[:] - Sonex\",\"isPartOf\":{\"@id\":\"https:\/\/sonex.com.br\/#website\"},\"primaryImageOfPage\":{\"@id\":\"https:\/\/sonex.com.br\/quem-somos\/#primaryimage\"},\"image\":{\"@id\":\"https:\/\/sonex.com.br\/quem-somos\/#primaryimage\"},\"thumbnailUrl\":\"https:\/\/sonex.com.br\/wp-content\/uploads\/2018\/12\/banner-internas-2.png\",\"datePublished\":\"2018-11-28T12:47:34+00:00\",\"dateModified\":\"2024-03-15T19:22:50+00:00\",\"description\":\"Desde 1988, a OWA Sonex \u00e9 refer\u00eancia no segmento de forros e revestimentos ac\u00fasticos e em busca de renova\u00e7\u00e3o e para atender um mercado cada vez mais exigente, nos reinventamos e agora somos a Sonex Saint-Gobain.\",\"breadcrumb\":{\"@id\":\"https:\/\/sonex.com.br\/quem-somos\/#breadcrumb\"},\"inLanguage\":\"es\",\"potentialAction\":[{\"@type\":\"ReadAction\",\"target\":[\"https:\/\/sonex.com.br\/quem-somos\/\"]}]},{\"@type\":\"ImageObject\",\"inLanguage\":\"es\",\"@id\":\"https:\/\/sonex.com.br\/quem-somos\/#primaryimage\",\"url\":\"https:\/\/sonex.com.br\/wp-content\/uploads\/2018\/12\/banner-internas-2.png\",\"contentUrl\":\"https:\/\/sonex.com.br\/wp-content\/uploads\/2018\/12\/banner-internas-2.png\",\"width\":1920,\"height\":292},{\"@type\":\"BreadcrumbList\",\"@id\":\"https:\/\/sonex.com.br\/quem-somos\/#breadcrumb\",\"itemListElement\":[{\"@type\":\"ListItem\",\"position\":1,\"name\":\"In\u00edcio\",\"item\":\"https:\/\/sonex.com.br\/\"},{\"@type\":\"ListItem\",\"position\":2,\"name\":\"Quem somos\"}]},{\"@type\":\"WebSite\",\"@id\":\"https:\/\/sonex.com.br\/#website\",\"url\":\"https:\/\/sonex.com.br\/\",\"name\":\"Sonex\",\"description\":\"\",\"publisher\":{\"@id\":\"https:\/\/sonex.com.br\/#organization\"},\"potentialAction\":[{\"@type\":\"SearchAction\",\"target\":{\"@type\":\"EntryPoint\",\"urlTemplate\":\"https:\/\/sonex.com.br\/?s={search_term_string}\"},\"query-input\":\"required name=search_term_string\"}],\"inLanguage\":\"es\"},{\"@type\":\"Organization\",\"@id\":\"https:\/\/sonex.com.br\/#organization\",\"name\":\"OWA Sonex do Brasil\",\"url\":\"https:\/\/sonex.com.br\/\",\"logo\":{\"@type\":\"ImageObject\",\"inLanguage\":\"es\",\"@id\":\"https:\/\/sonex.com.br\/#\/schema\/logo\/image\/\",\"url\":\"https:\/\/sonex.com.br\/wp-content\/uploads\/2020\/01\/logo-owa.png\",\"contentUrl\":\"https:\/\/sonex.com.br\/wp-content\/uploads\/2020\/01\/logo-owa.png\",\"width\":150,\"height\":150,\"caption\":\"OWA Sonex do Brasil\"},\"image\":{\"@id\":\"https:\/\/sonex.com.br\/#\/schema\/logo\/image\/\"},\"sameAs\":[\"https:\/\/www.facebook.com\/OWASonex\/\",\"https:\/\/www.instagram.com\/owa_sonex\/\",\"https:\/\/pt.linkedin.com\/company\/owa-sonex-brasil\"]}]}<\/script>\n<!-- \/ Yoast SEO plugin. -->","yoast_head_json":{"title":"[:pb]Quem somos[:es]Quienes somos[:] - Sonex","description":"Desde 1988, a OWA Sonex \u00e9 refer\u00eancia no segmento de forros e revestimentos ac\u00fasticos e em busca de renova\u00e7\u00e3o e para atender um mercado cada vez mais exigente, nos reinventamos e agora somos a Sonex Saint-Gobain.","robots":{"index":"index","follow":"follow","max-snippet":"max-snippet:-1","max-image-preview":"max-image-preview:large","max-video-preview":"max-video-preview:-1"},"canonical":"https:\/\/sonex.com.br\/quem-somos\/","og_locale":"es_ES","og_type":"article","og_title":"[:pb]Quem somos[:es]Quienes somos[:] - Sonex","og_description":"Desde 1988, a OWA Sonex \u00e9 refer\u00eancia no segmento de forros e revestimentos ac\u00fasticos e em busca de renova\u00e7\u00e3o e para atender um mercado cada vez mais exigente, nos reinventamos e agora somos a Sonex Saint-Gobain.","og_url":"https:\/\/sonex.com.br\/quem-somos\/","og_site_name":"Sonex","article_publisher":"https:\/\/www.facebook.com\/OWASonex\/","article_modified_time":"2024-03-15T19:22:50+00:00","og_image":[{"width":1920,"height":292,"url":"https:\/\/sonex.com.br\/wp-content\/uploads\/2018\/12\/banner-internas-2.png","type":"image\/png"}],"twitter_card":"summary_large_image","twitter_misc":{"Tiempo de lectura":"3 minutos"},"schema":{"@context":"https:\/\/schema.org","@graph":[{"@type":"WebPage","@id":"https:\/\/sonex.com.br\/quem-somos\/","url":"https:\/\/sonex.com.br\/quem-somos\/","name":"[:pb]Quem somos[:es]Quienes somos[:] - Sonex","isPartOf":{"@id":"https:\/\/sonex.com.br\/#website"},"primaryImageOfPage":{"@id":"https:\/\/sonex.com.br\/quem-somos\/#primaryimage"},"image":{"@id":"https:\/\/sonex.com.br\/quem-somos\/#primaryimage"},"thumbnailUrl":"https:\/\/sonex.com.br\/wp-content\/uploads\/2018\/12\/banner-internas-2.png","datePublished":"2018-11-28T12:47:34+00:00","dateModified":"2024-03-15T19:22:50+00:00","description":"Desde 1988, a OWA Sonex \u00e9 refer\u00eancia no segmento de forros e revestimentos ac\u00fasticos e em busca de renova\u00e7\u00e3o e para atender um mercado cada vez mais exigente, nos reinventamos e agora somos a Sonex Saint-Gobain.","breadcrumb":{"@id":"https:\/\/sonex.com.br\/quem-somos\/#breadcrumb"},"inLanguage":"es","potentialAction":[{"@type":"ReadAction","target":["https:\/\/sonex.com.br\/quem-somos\/"]}]},{"@type":"ImageObject","inLanguage":"es","@id":"https:\/\/sonex.com.br\/quem-somos\/#primaryimage","url":"https:\/\/sonex.com.br\/wp-content\/uploads\/2018\/12\/banner-internas-2.png","contentUrl":"https:\/\/sonex.com.br\/wp-content\/uploads\/2018\/12\/banner-internas-2.png","width":1920,"height":292},{"@type":"BreadcrumbList","@id":"https:\/\/sonex.com.br\/quem-somos\/#breadcrumb","itemListElement":[{"@type":"ListItem","position":1,"name":"In\u00edcio","item":"https:\/\/sonex.com.br\/"},{"@type":"ListItem","position":2,"name":"Quem somos"}]},{"@type":"WebSite","@id":"https:\/\/sonex.com.br\/#website","url":"https:\/\/sonex.com.br\/","name":"Sonex","description":"","publisher":{"@id":"https:\/\/sonex.com.br\/#organization"},"potentialAction":[{"@type":"SearchAction","target":{"@type":"EntryPoint","urlTemplate":"https:\/\/sonex.com.br\/?s={search_term_string}"},"query-input":"required name=search_term_string"}],"inLanguage":"es"},{"@type":"Organization","@id":"https:\/\/sonex.com.br\/#organization","name":"OWA Sonex do Brasil","url":"https:\/\/sonex.com.br\/","logo":{"@type":"ImageObject","inLanguage":"es","@id":"https:\/\/sonex.com.br\/#\/schema\/logo\/image\/","url":"https:\/\/sonex.com.br\/wp-content\/uploads\/2020\/01\/logo-owa.png","contentUrl":"https:\/\/sonex.com.br\/wp-content\/uploads\/2020\/01\/logo-owa.png","width":150,"height":150,"caption":"OWA Sonex do Brasil"},"image":{"@id":"https:\/\/sonex.com.br\/#\/schema\/logo\/image\/"},"sameAs":["https:\/\/www.facebook.com\/OWASonex\/","https:\/\/www.instagram.com\/owa_sonex\/","https:\/\/pt.linkedin.com\/company\/owa-sonex-brasil"]}]}},"_links":{"self":[{"href":"https:\/\/sonex.com.br\/es\/wp-json\/wp\/v2\/pages\/13"}],"collection":[{"href":"https:\/\/sonex.com.br\/es\/wp-json\/wp\/v2\/pages"}],"about":[{"href":"https:\/\/sonex.com.br\/es\/wp-json\/wp\/v2\/types\/page"}],"author":[{"embeddable":true,"href":"https:\/\/sonex.com.br\/es\/wp-json\/wp\/v2\/users\/1"}],"replies":[{"embeddable":true,"href":"https:\/\/sonex.com.br\/es\/wp-json\/wp\/v2\/comments?post=13"}],"version-history":[{"count":0,"href":"https:\/\/sonex.com.br\/es\/wp-json\/wp\/v2\/pages\/13\/revisions"}],"wp:featuredmedia":[{"embeddable":true,"href":"https:\/\/sonex.com.br\/es\/wp-json\/wp\/v2\/media\/316"}],"wp:attachment":[{"href":"https:\/\/sonex.com.br\/es\/wp-json\/wp\/v2\/media?parent=13"}],"curies":[{"name":"wp","href":"https:\/\/api.w.org\/{rel}","templated":true}]}}